{"id":950,"date":"2021-02-04T16:43:29","date_gmt":"2021-02-04T15:43:29","guid":{"rendered":"https:\/\/www.decoracet.com\/accueil\/"},"modified":"2022-12-15T10:44:23","modified_gmt":"2022-12-15T09:44:23","slug":"home","status":"publish","type":"page","link":"https:\/\/www.decoracet.com\/en\/","title":{"rendered":"Home"},"content":{"rendered":"\n<div class=\"wp-block-group sticky-products mb-80 mt-80\"><div class=\"wp-block-group__inner-container is-layout-flow wp-block-group-is-layout-flow\">\n<p class=\"titre-h2\">Discover our collections<\/p>\n\n\n\n<div class=\"wp-block-group\"><div class=\"wp-block-group__inner-container is-layout-flow wp-block-group-is-layout-flow\">\n<div class=\"wp-block-group\"><div class=\"wp-block-group__inner-container is-layout-flow wp-block-group-is-layout-flow\">\n<div class=\"wp-block-columns is-layout-flex wp-container-core-columns-is-layout-9d6595d7 wp-block-columns-is-layout-flex\">\n<div class=\"wp-block-column list-item-home is-layout-flow wp-block-column-is-layout-flow\">\n<figure class=\"wp-block-image size-full\"><img decoding=\"async\" width=\"640\" height=\"640\" src=\"https:\/\/www.decoracet.com\/wp-content\/uploads\/COLLECTION-TC-1.jpg\" alt=\"\" class=\"wp-image-821\" srcset=\"https:\/\/www.decoracet.com\/wp-content\/uploads\/COLLECTION-TC-1.jpg 640w, https:\/\/www.decoracet.com\/wp-content\/uploads\/COLLECTION-TC-1-300x300.jpg 300w, https:\/\/www.decoracet.com\/wp-content\/uploads\/COLLECTION-TC-1-150x150.jpg 150w, https:\/\/www.decoracet.com\/wp-content\/uploads\/COLLECTION-TC-1-140x140.jpg 140w, https:\/\/www.decoracet.com\/wp-content\/uploads\/COLLECTION-TC-1-400x400.jpg 400w, https:\/\/www.decoracet.com\/wp-content\/uploads\/COLLECTION-TC-1-600x600.jpg 600w, https:\/\/www.decoracet.com\/wp-content\/uploads\/COLLECTION-TC-1-100x100.jpg 100w\" sizes=\"(max-width: 640px) 100vw, 640px\" \/><\/figure>\n\n\n\n<p class=\"has-text-align-center titre-h3\">Thermo-compression <img decoding=\"async\" width=\"20\" height=\"13\" class=\"wp-image-657\" style=\"width: 20px;\" src=\"https:\/\/www.decoracet.com\/wp-content\/uploads\/Thermo-compression-made-in-france.jpg\" alt=\"Thermo compression Made in France\"><\/p>\n\n\n\n<p>Sheets produced from cellulose acetate granules<\/p>\n\n\n\n<div class=\"wp-block-buttons is-layout-flex wp-block-buttons-is-layout-flex\">\n<div class=\"wp-block-button button_more_home\"><a class=\"wp-block-button__link wp-element-button\" href=\"https:\/\/www.decoracet.com\/activite\/#thermocompression\">More details<\/a><\/div>\n<\/div>\n<\/div>\n\n\n\n<div class=\"wp-block-column list-item-home is-layout-flow wp-block-column-is-layout-flow\">\n<figure class=\"wp-block-image size-full\"><img decoding=\"async\" width=\"640\" height=\"640\" src=\"https:\/\/www.decoracet.com\/wp-content\/uploads\/COLLECTION-DECORATION-1.jpg\" alt=\"\" class=\"wp-image-823\" srcset=\"https:\/\/www.decoracet.com\/wp-content\/uploads\/COLLECTION-DECORATION-1.jpg 640w, https:\/\/www.decoracet.com\/wp-content\/uploads\/COLLECTION-DECORATION-1-300x300.jpg 300w, https:\/\/www.decoracet.com\/wp-content\/uploads\/COLLECTION-DECORATION-1-150x150.jpg 150w, https:\/\/www.decoracet.com\/wp-content\/uploads\/COLLECTION-DECORATION-1-140x140.jpg 140w, https:\/\/www.decoracet.com\/wp-content\/uploads\/COLLECTION-DECORATION-1-400x400.jpg 400w, https:\/\/www.decoracet.com\/wp-content\/uploads\/COLLECTION-DECORATION-1-600x600.jpg 600w, https:\/\/www.decoracet.com\/wp-content\/uploads\/COLLECTION-DECORATION-1-100x100.jpg 100w\" sizes=\"(max-width: 640px) 100vw, 640px\" \/><\/figure>\n\n\n\n<p class=\"titre-h3\">Decoration<\/p>\n\n\n\n<p>Insertion of decorative products between 2 acetate sheets<\/p>\n\n\n\n<div class=\"wp-block-buttons is-layout-flex wp-block-buttons-is-layout-flex\">\n<div class=\"wp-block-button button_more_home\"><a class=\"wp-block-button__link wp-element-button\" href=\"https:\/\/www.decoracet.com\/activite\/#ancre-decoration\">More details<\/a><\/div>\n<\/div>\n<\/div>\n\n\n\n<div class=\"wp-block-column list-item-home is-layout-flow wp-block-column-is-layout-flow\">\n<figure class=\"wp-block-image size-full\"><a href=\"https:\/\/www.decoracet.com\/activite\/\"><img decoding=\"async\" width=\"960\" height=\"960\" src=\"https:\/\/www.decoracet.com\/wp-content\/uploads\/COLLECTION-UNIES.jpg\" alt=\"\" class=\"wp-image-543\" srcset=\"https:\/\/www.decoracet.com\/wp-content\/uploads\/COLLECTION-UNIES.jpg 960w, https:\/\/www.decoracet.com\/wp-content\/uploads\/COLLECTION-UNIES-300x300.jpg 300w, https:\/\/www.decoracet.com\/wp-content\/uploads\/COLLECTION-UNIES-150x150.jpg 150w, https:\/\/www.decoracet.com\/wp-content\/uploads\/COLLECTION-UNIES-768x768.jpg 768w, https:\/\/www.decoracet.com\/wp-content\/uploads\/COLLECTION-UNIES-140x140.jpg 140w, https:\/\/www.decoracet.com\/wp-content\/uploads\/COLLECTION-UNIES-400x400.jpg 400w, https:\/\/www.decoracet.com\/wp-content\/uploads\/COLLECTION-UNIES-600x600.jpg 600w, https:\/\/www.decoracet.com\/wp-content\/uploads\/COLLECTION-UNIES-100x100.jpg 100w\" sizes=\"(max-width: 960px) 100vw, 960px\" \/><\/a><\/figure>\n\n\n\n<p class=\"titre-h3\">Monocolor acetates<\/p>\n\n\n\n<p>Solid, transparent <\/p>\n\n\n\n<p>and milky<\/p>\n\n\n\n<div class=\"wp-block-buttons is-layout-flex wp-block-buttons-is-layout-flex\">\n<div class=\"wp-block-button button_more_home\"><a class=\"wp-block-button__link wp-element-button\" href=\"https:\/\/www.decoracet.com\/boutique\/\">More details<\/a><\/div>\n<\/div>\n<\/div>\n\n\n\n<div class=\"wp-block-column list-item-home is-layout-flow wp-block-column-is-layout-flow\">\n<figure class=\"wp-block-image size-full\"><a href=\"https:\/\/www.decoracet.com\/activite\/\"><img decoding=\"async\" width=\"960\" height=\"960\" src=\"https:\/\/www.decoracet.com\/wp-content\/uploads\/COLLECTION-ECAILLES.jpg\" alt=\"\" class=\"wp-image-545\" srcset=\"https:\/\/www.decoracet.com\/wp-content\/uploads\/COLLECTION-ECAILLES.jpg 960w, https:\/\/www.decoracet.com\/wp-content\/uploads\/COLLECTION-ECAILLES-300x300.jpg 300w, https:\/\/www.decoracet.com\/wp-content\/uploads\/COLLECTION-ECAILLES-150x150.jpg 150w, https:\/\/www.decoracet.com\/wp-content\/uploads\/COLLECTION-ECAILLES-768x768.jpg 768w, https:\/\/www.decoracet.com\/wp-content\/uploads\/COLLECTION-ECAILLES-140x140.jpg 140w, https:\/\/www.decoracet.com\/wp-content\/uploads\/COLLECTION-ECAILLES-400x400.jpg 400w, https:\/\/www.decoracet.com\/wp-content\/uploads\/COLLECTION-ECAILLES-600x600.jpg 600w, https:\/\/www.decoracet.com\/wp-content\/uploads\/COLLECTION-ECAILLES-100x100.jpg 100w\" sizes=\"(max-width: 960px) 100vw, 960px\" \/><\/a><\/figure>\n\n\n\n<p class=\"titre-h3\">Havanas and fantasy acetates<\/p>\n\n\n\n<p>Colored havanas<\/p>\n\n\n\n<p>Various shades and patterns<\/p>\n\n\n\n<div class=\"wp-block-buttons is-layout-flex wp-block-buttons-is-layout-flex\">\n<div class=\"wp-block-button button_more_home\"><a class=\"wp-block-button__link wp-element-button\" href=\"https:\/\/www.decoracet.com\/boutique\/\">More details<\/a><\/div>\n<\/div>\n<\/div>\n<\/div>\n<\/div><\/div>\n<\/div><\/div>\n<\/div><\/div>\n\n\n\n<div class=\"wp-block-columns is-layout-flex wp-container-core-columns-is-layout-9d6595d7 wp-block-columns-is-layout-flex\">\n<div class=\"wp-block-column is-layout-flow wp-block-column-is-layout-flow\" style=\"flex-basis:100%\"><\/div>\n<\/div>\n\n\n\n<div class=\"wp-block-columns block-50-50 section_home_colon is-layout-flex wp-container-core-columns-is-layout-9d6595d7 wp-block-columns-is-layout-flex\">\n<div class=\"wp-block-column block-50-50__text is-layout-flow wp-block-column-is-layout-flow\">\n<h1 class=\"titre_slide_home wp-block-heading\">D\u00e9coracet, a creative and responsive partner<br>The only acetate producer in France.<\/h1>\n\n\n\n<p class=\"txt_home\">Specialized in the production of cellulose acetate sheets and granules used for frames, hair ornaments and jewellery. D\u00e9coracet offers a one-stop solution: from extrusion of <a href=\"\/en\/activities\/#granulats\">granules<\/a> to production of <a href=\"\/en\/activite\/#thermo-compression\">thermo-compressed acetate sheets <\/a>by way of <a href=\"\/en\/activite\/#decoration\">the decoration<\/a>, <a href=\"\/en\/activite\/#collage\">lamination<\/a> and <a href=\"\/en\/activite\/#decoupe\">CNC cutting<\/a>.<\/p>\n\n\n\n<div class=\"wp-block-buttons mt-30 is-horizontal is-content-justification-right is-layout-flex wp-container-core-buttons-is-layout-ae2fe186 wp-block-buttons-is-layout-flex\">\n<div class=\"wp-block-button\"><a class=\"wp-block-button__link wp-element-button\" href=\"\/en\/about-us\/\">Find out more<\/a><\/div>\n<\/div>\n<\/div>\n\n\n\n<div class=\"wp-block-column is-layout-flow wp-block-column-is-layout-flow\">\n<figure class=\"wp-block-image size-full img_home_section\"><img decoding=\"async\" width=\"1024\" height=\"740\" src=\"https:\/\/www.decoracet.com\/wp-content\/uploads\/Decoracet-partenaire-creatif-reactif.jpg\" alt=\"Decoracet, un partenaire cr\u00e9atif et r\u00e9actif Unique producteur d'ac\u00e9tate en France\" class=\"wp-image-739\" srcset=\"https:\/\/www.decoracet.com\/wp-content\/uploads\/Decoracet-partenaire-creatif-reactif.jpg 1024w, https:\/\/www.decoracet.com\/wp-content\/uploads\/Decoracet-partenaire-creatif-reactif-300x217.jpg 300w, https:\/\/www.decoracet.com\/wp-content\/uploads\/Decoracet-partenaire-creatif-reactif-768x555.jpg 768w, https:\/\/www.decoracet.com\/wp-content\/uploads\/Decoracet-partenaire-creatif-reactif-194x140.jpg 194w, https:\/\/www.decoracet.com\/wp-content\/uploads\/Decoracet-partenaire-creatif-reactif-400x289.jpg 400w, https:\/\/www.decoracet.com\/wp-content\/uploads\/Decoracet-partenaire-creatif-reactif-600x434.jpg 600w\" sizes=\"(max-width: 1024px) 100vw, 1024px\" \/><\/figure>\n<\/div>\n<\/div>\n\n\n\n<div class=\"wp-block-columns block-50-50 section_home_colon is-layout-flex wp-container-core-columns-is-layout-9d6595d7 wp-block-columns-is-layout-flex\">\n<div class=\"wp-block-column is-layout-flow wp-block-column-is-layout-flow\">\n<figure class=\"wp-block-image size-large img_home_section\"><img decoding=\"async\" width=\"1024\" height=\"921\" src=\"https:\/\/www.decoracet.com\/wp-content\/uploads\/\/solution-globale-decoracet-1024x921.jpg\" alt=\"\" class=\"wp-image-787\" srcset=\"https:\/\/www.decoracet.com\/wp-content\/uploads\/solution-globale-decoracet-1024x921.jpg 1024w, https:\/\/www.decoracet.com\/wp-content\/uploads\/solution-globale-decoracet-300x270.jpg 300w, https:\/\/www.decoracet.com\/wp-content\/uploads\/solution-globale-decoracet-768x691.jpg 768w, https:\/\/www.decoracet.com\/wp-content\/uploads\/solution-globale-decoracet-1536x1381.jpg 1536w, https:\/\/www.decoracet.com\/wp-content\/uploads\/solution-globale-decoracet-2048x1841.jpg 2048w, https:\/\/www.decoracet.com\/wp-content\/uploads\/solution-globale-decoracet-156x140.jpg 156w, https:\/\/www.decoracet.com\/wp-content\/uploads\/solution-globale-decoracet-400x360.jpg 400w, https:\/\/www.decoracet.com\/wp-content\/uploads\/solution-globale-decoracet-600x539.jpg 600w\" sizes=\"(max-width: 1024px) 100vw, 1024px\" \/><\/figure>\n<\/div>\n\n\n\n<div class=\"wp-block-column block-50-50__text is-layout-flow wp-block-column-is-layout-flow\">\n<h2 class=\"wp-block-heading\">A one-stop solution<\/h2>\n\n\n\n<p>From extrusion of granules to production of thermo-compressed acetate sheets by way of the decoration, lamination and CNC cutting.<\/p>\n\n\n\n<div style=\"height:25px\" aria-hidden=\"true\" class=\"wp-block-spacer\"><\/div>\n\n\n\n<ul class=\"wp-block-list\">\n<li><strong><a href=\"\/activite\/#plaque-acetate\">Cellulose acetate sheets<\/a><\/strong>&nbsp;: distribution and production<\/li>\n\n\n\n<li><strong><a href=\"\/activite\/#granulats\">Cellulose acetate granules<\/a> <\/strong>: extrusion and colouring<\/li>\n\n\n\n<li><strong><a href=\"\/activite\/#collage\">Services<\/a><\/strong><\/li>\n<\/ul>\n\n\n\n<div class=\"wp-block-buttons is-horizontal is-content-justification-right is-layout-flex wp-container-core-buttons-is-layout-ae2fe186 wp-block-buttons-is-layout-flex\">\n<div class=\"wp-block-button\"><a class=\"wp-block-button__link wp-element-button\" href=\"https:\/\/www.decoracet.com\/activite\/\">Find out more<\/a><\/div>\n<\/div>\n<\/div>\n<\/div>\n\n\n\n<div class=\"wp-block-group ctn-rassurances mt-80 wrapper\"><div class=\"wp-block-group__inner-container is-layout-flow wp-block-group-is-layout-flow\">\n<h2 class=\"has-text-align-center after-line wp-block-heading\">Why you can trust us?<\/h2>\n\n\n<ul class=\"list-rassurances\">\n\t\t<li class=\"list-rassurances__item\">\n\t\t            <span class=\"rassurance__img\"><img src='https:\/\/www.decoracet.com\/wp-content\/uploads\/fabrication-francaise.png' alt='' \/><\/span>\n            Made in France <br \/> <img src='\/wp-content\/uploads\/Thermo-compression-made-in-france.jpg' alt='Fabrication fran\u00e7aise d'ac\u00e9tate de cellulose' \/>        \t<\/li>\n\t\t<li class=\"list-rassurances__item\">\n\t\t            <span class=\"rassurance__img\"><img src='https:\/\/www.decoracet.com\/wp-content\/uploads\/creation-acetate-sur-mesure.png' alt='' \/><\/span>\n            Custom made creation and personal advice        \t<\/li>\n\t\t<li class=\"list-rassurances__item\">\n\t\t            <span class=\"rassurance__img\"><img src='https:\/\/www.decoracet.com\/wp-content\/uploads\/leader-francais-acetate.png' alt='' \/><\/span>\n            French leader in acetate production        \t<\/li>\n\t<\/ul>\n\n<\/div><\/div>\n","protected":false},"excerpt":{"rendered":"Discover our collections Thermo-compression Sheets produced from cellulose acetate granules Decoration Insertion of decorative products between 2 [&hellip;]","protected":false},"author":1,"featured_media":0,"parent":0,"menu_order":1,"comment_status":"closed","ping_status":"closed","template":"","meta":{"footnotes":""},"class_list":["post-950","page","type-page","status-publish","hentry"],"_links":{"self":[{"href":"https:\/\/www.decoracet.com\/en\/wp-json\/wp\/v2\/pages\/950","targetHints":{"allow":["GET"]}}],"collection":[{"href":"https:\/\/www.decoracet.com\/en\/wp-json\/wp\/v2\/pages"}],"about":[{"href":"https:\/\/www.decoracet.com\/en\/wp-json\/wp\/v2\/types\/page"}],"author":[{"embeddable":true,"href":"https:\/\/www.decoracet.com\/en\/wp-json\/wp\/v2\/users\/1"}],"replies":[{"embeddable":true,"href":"https:\/\/www.decoracet.com\/en\/wp-json\/wp\/v2\/comments?post=950"}],"version-history":[{"count":21,"href":"https:\/\/www.decoracet.com\/en\/wp-json\/wp\/v2\/pages\/950\/revisions"}],"predecessor-version":[{"id":1261,"href":"https:\/\/www.decoracet.com\/en\/wp-json\/wp\/v2\/pages\/950\/revisions\/1261"}],"wp:attachment":[{"href":"https:\/\/www.decoracet.com\/en\/wp-json\/wp\/v2\/media?parent=950"}],"curies":[{"name":"wp","href":"https:\/\/api.w.org\/{rel}","templated":true}]}}